{"id":177,"date":"2024-05-08T14:20:59","date_gmt":"2024-05-08T18:20:59","guid":{"rendered":"https:\/\/franklinhill.swlauriersb.vortexdev.com\/our-school-about-us\/"},"modified":"2024-05-30T13:44:15","modified_gmt":"2024-05-30T17:44:15","slug":"notre-ecole-a-propos","status":"publish","type":"page","link":"https:\/\/franklinhill.swlauriersb.vortexdev.com\/fr\/notre-ecole-a-propos\/","title":{"rendered":"Notre \u00e9cole \/ \u00e0 propos"},"content":{"rendered":"\n<h2 class=\"wp-block-heading\">\u00c9nonc\u00e9 de mission<\/h2>\n\n\n\n<p>\u00c0 Franklin Hill, nous nous effor\u00e7ons d\u2019inspirer une bonne citoyennet\u00e9, une croissance scolaire et sociale et \u00e9motionnelle dans un environnement s\u00e9curitaire, festif et accueillant. Nous permettons \u00e0 nos \u00e9l\u00e8ves de devenir des apprenants ind\u00e9pendants et de d\u00e9velopper de solides comp\u00e9tences sociales en \u00e9tablissant un mod\u00e8le d\u2019excellence pour notre communaut\u00e9.<\/p>\n\n\n\n<h2 class=\"wp-block-heading\">\u00c9nonc\u00e9 de vision<\/h2>\n\n\n\n<p>\u00c0 Franklin Hill, nous nous engageons \u00e0 cr\u00e9er un environnement stimulant o\u00f9 les \u00e9l\u00e8ves d\u00e9veloppent une approche d\u2019apprentissage continue et motiv\u00e9e. Gr\u00e2ce \u00e0 un enseignement flexible et engageant, les \u00e9l\u00e8ves adoptent la diversit\u00e9, la croissance personnelle et des habitudes saines. Nos valeurs de respect, de pers\u00e9v\u00e9rance, de gentillesse et de responsabilit\u00e9 nous guident dans la construction d\u2019une communaut\u00e9 scolaire dynamique et inclusive, connect\u00e9e \u00e0 la soci\u00e9t\u00e9 dans son ensemble.<\/p>\n","protected":false},"excerpt":{"rendered":"<p>\u00c9nonc\u00e9 de mission \u00c0 Franklin Hill, nous nous effor\u00e7ons d\u2019inspirer une bonne citoyennet\u00e9, une croissance scolaire et sociale et \u00e9motionnelle dans un environnement s\u00e9curitaire, festif et accueillant. Nous permettons \u00e0 nos \u00e9l\u00e8ves de devenir des apprenants ind\u00e9pendants et de d\u00e9velopper de solides comp\u00e9tences sociales en \u00e9tablissant un mod\u00e8le d\u2019excellence pour notre communaut\u00e9. \u00c9nonc\u00e9 de vision&hellip;<\/p>\n","protected":false},"author":1,"featured_media":0,"parent":0,"menu_order":0,"comment_status":"closed","ping_status":"closed","template":"","meta":{"_acf_changed":false,"_relevanssi_hide_post":"","_relevanssi_hide_content":"","_relevanssi_pin_for_all":"","_relevanssi_pin_keywords":"","_relevanssi_unpin_keywords":"","_relevanssi_related_keywords":"","_relevanssi_related_include_ids":"","_relevanssi_related_exclude_ids":"","_relevanssi_related_no_append":"","_relevanssi_related_not_related":"","_relevanssi_related_posts":"","_relevanssi_noindex_reason":"","footnotes":""},"acf":[],"_links":{"self":[{"href":"https:\/\/franklinhill.swlauriersb.vortexdev.com\/fr\/wp-json\/wp\/v2\/pages\/177"}],"collection":[{"href":"https:\/\/franklinhill.swlauriersb.vortexdev.com\/fr\/wp-json\/wp\/v2\/pages"}],"about":[{"href":"https:\/\/franklinhill.swlauriersb.vortexdev.com\/fr\/wp-json\/wp\/v2\/types\/page"}],"author":[{"embeddable":true,"href":"https:\/\/franklinhill.swlauriersb.vortexdev.com\/fr\/wp-json\/wp\/v2\/users\/1"}],"replies":[{"embeddable":true,"href":"https:\/\/franklinhill.swlauriersb.vortexdev.com\/fr\/wp-json\/wp\/v2\/comments?post=177"}],"version-history":[{"count":2,"href":"https:\/\/franklinhill.swlauriersb.vortexdev.com\/fr\/wp-json\/wp\/v2\/pages\/177\/revisions"}],"predecessor-version":[{"id":307,"href":"https:\/\/franklinhill.swlauriersb.vortexdev.com\/fr\/wp-json\/wp\/v2\/pages\/177\/revisions\/307"}],"wp:attachment":[{"href":"https:\/\/franklinhill.swlauriersb.vortexdev.com\/fr\/wp-json\/wp\/v2\/media?parent=177"}],"curies":[{"name":"wp","href":"https:\/\/api.w.org\/{rel}","templated":true}]}}