{"id":176,"date":"2024-05-08T14:21:24","date_gmt":"2024-05-08T18:21:24","guid":{"rendered":"https:\/\/franklinhill.swlauriersb.vortexdev.com\/principals-message\/"},"modified":"2024-05-30T13:44:29","modified_gmt":"2024-05-30T17:44:29","slug":"message-de-la-direction","status":"publish","type":"page","link":"https:\/\/franklinhill.swlauriersb.vortexdev.com\/fr\/notre-ecole-a-propos\/message-de-la-direction\/","title":{"rendered":"Message de la direction"},"content":{"rendered":"\n<p>Ch\u00e8re communaut\u00e9 de l\u2019\u00e9cole primaire Franklin Hill,<\/p>\n\n\n\n<p>Je suis ravi d\u2019accueillir chaleureusement tous les membres de notre communaut\u00e9 scolaire dynamique. \u00c0 l\u2019\u00e9cole primaire Franklin Hill, notre vision est de favoriser un environnement stimulant o\u00f9 chaque \u00e9l\u00e8ve entreprend un voyage d\u2019apprentissage continu et auto-motiv\u00e9.<\/p>\n\n\n\n<p>Nous nous engageons \u00e0 fournir un enseignement flexible et engageant qui encourage les \u00e9tudiants \u00e0 accueillir la diversit\u00e9, \u00e0 poursuivre leur croissance personnelle et \u00e0 cultiver des habitudes saines. Nos valeurs de respect, de pers\u00e9v\u00e9rance, de gentillesse et de responsabilit\u00e9 constituent la pierre angulaire de notre philosophie \u00e9ducative.<\/p>\n\n\n\n<p>Ensemble, nous nous effor\u00e7ons de b\u00e2tir une communaut\u00e9 scolaire non seulement inclusive, mais aussi profond\u00e9ment li\u00e9e \u00e0 la soci\u00e9t\u00e9 dans son ensemble. C\u2019est gr\u00e2ce \u00e0 ces liens que nous permettons \u00e0 nos \u00e9l\u00e8ves de s\u2019\u00e9panouir et de contribuer de mani\u00e8re significative au monde qui les entoure.<\/p>\n\n\n\n<p>Je vous invite \u00e0 vous joindre \u00e0 nous dans cette entreprise passionnante alors que nous travaillons main dans la main pour cr\u00e9er un environnement d\u2019apprentissage encourageant et inspirant.<\/p>\n\n\n\n<p>Cordialement,<\/p>\n\n\n\n<p><strong>Peter Papadeas<\/strong><br>Directeur, \u00e9cole primaire Franklin Hill<\/p>\n","protected":false},"excerpt":{"rendered":"<p>Ch\u00e8re communaut\u00e9 de l\u2019\u00e9cole primaire Franklin Hill, Je suis ravi d\u2019accueillir chaleureusement tous les membres de notre communaut\u00e9 scolaire dynamique. \u00c0 l\u2019\u00e9cole primaire Franklin Hill, notre vision est de favoriser un environnement stimulant o\u00f9 chaque \u00e9l\u00e8ve entreprend un voyage d\u2019apprentissage continu et auto-motiv\u00e9. Nous nous engageons \u00e0 fournir un enseignement flexible et engageant qui encourage&hellip;<\/p>\n","protected":false},"author":1,"featured_media":0,"parent":177,"menu_order":0,"comment_status":"closed","ping_status":"closed","template":"","meta":{"_acf_changed":false,"_relevanssi_hide_post":"","_relevanssi_hide_content":"","_relevanssi_pin_for_all":"","_relevanssi_pin_keywords":"","_relevanssi_unpin_keywords":"","_relevanssi_related_keywords":"","_relevanssi_related_include_ids":"","_relevanssi_related_exclude_ids":"","_relevanssi_related_no_append":"","_relevanssi_related_not_related":"","_relevanssi_related_posts":"","_relevanssi_noindex_reason":"","footnotes":""},"acf":[],"_links":{"self":[{"href":"https:\/\/franklinhill.swlauriersb.vortexdev.com\/fr\/wp-json\/wp\/v2\/pages\/176"}],"collection":[{"href":"https:\/\/franklinhill.swlauriersb.vortexdev.com\/fr\/wp-json\/wp\/v2\/pages"}],"about":[{"href":"https:\/\/franklinhill.swlauriersb.vortexdev.com\/fr\/wp-json\/wp\/v2\/types\/page"}],"author":[{"embeddable":true,"href":"https:\/\/franklinhill.swlauriersb.vortexdev.com\/fr\/wp-json\/wp\/v2\/users\/1"}],"replies":[{"embeddable":true,"href":"https:\/\/franklinhill.swlauriersb.vortexdev.com\/fr\/wp-json\/wp\/v2\/comments?post=176"}],"version-history":[{"count":2,"href":"https:\/\/franklinhill.swlauriersb.vortexdev.com\/fr\/wp-json\/wp\/v2\/pages\/176\/revisions"}],"predecessor-version":[{"id":308,"href":"https:\/\/franklinhill.swlauriersb.vortexdev.com\/fr\/wp-json\/wp\/v2\/pages\/176\/revisions\/308"}],"up":[{"embeddable":true,"href":"https:\/\/franklinhill.swlauriersb.vortexdev.com\/fr\/wp-json\/wp\/v2\/pages\/177"}],"wp:attachment":[{"href":"https:\/\/franklinhill.swlauriersb.vortexdev.com\/fr\/wp-json\/wp\/v2\/media?parent=176"}],"curies":[{"name":"wp","href":"https:\/\/api.w.org\/{rel}","templated":true}]}}