{"id":174,"date":"2024-05-08T14:26:06","date_gmt":"2024-05-08T18:26:06","guid":{"rendered":"https:\/\/franklinhill.swlauriersb.vortexdev.com\/registration\/"},"modified":"2024-05-30T13:44:22","modified_gmt":"2024-05-30T17:44:22","slug":"inscription","status":"publish","type":"page","link":"https:\/\/franklinhill.swlauriersb.vortexdev.com\/fr\/notre-ecole-a-propos\/inscription\/","title":{"rendered":"Inscription"},"content":{"rendered":"\n<p>Les inscriptions pour l\u2019ann\u00e9e scolaire en cours sont toujours ouvertes. S\u2019il-vous-pla\u00eet appelez le secr\u00e9taire de l\u2019\u00e9cole pour plus d\u2019informations.<\/p>\n\n\n\n<p>Les nouvelles inscriptions pour la nouvelle ann\u00e9e scolaire sont ouvertes de fin janvier \u00e0 fin f\u00e9vrier. Veuillez contacter l\u2019\u00e9cole pour prendre rendez-vous et recevoir plus d\u2019informations.<\/p>\n\n\n\n<p>T\u00e9l.&nbsp;: 450-470-0755<\/p>\n","protected":false},"excerpt":{"rendered":"<p>Les inscriptions pour l\u2019ann\u00e9e scolaire en cours sont toujours ouvertes. S\u2019il-vous-pla\u00eet appelez le secr\u00e9taire de l\u2019\u00e9cole pour plus d\u2019informations. Les nouvelles inscriptions pour la nouvelle ann\u00e9e scolaire sont ouvertes de fin janvier \u00e0 fin f\u00e9vrier. Veuillez contacter l\u2019\u00e9cole pour prendre rendez-vous et recevoir plus d\u2019informations. T\u00e9l.&nbsp;: 450-470-0755<\/p>\n","protected":false},"author":1,"featured_media":0,"parent":177,"menu_order":0,"comment_status":"closed","ping_status":"closed","template":"","meta":{"_acf_changed":false,"_relevanssi_hide_post":"","_relevanssi_hide_content":"","_relevanssi_pin_for_all":"","_relevanssi_pin_keywords":"","_relevanssi_unpin_keywords":"","_relevanssi_related_keywords":"","_relevanssi_related_include_ids":"","_relevanssi_related_exclude_ids":"","_relevanssi_related_no_append":"","_relevanssi_related_not_related":"","_relevanssi_related_posts":"","_relevanssi_noindex_reason":"","footnotes":""},"acf":[],"_links":{"self":[{"href":"https:\/\/franklinhill.swlauriersb.vortexdev.com\/fr\/wp-json\/wp\/v2\/pages\/174"}],"collection":[{"href":"https:\/\/franklinhill.swlauriersb.vortexdev.com\/fr\/wp-json\/wp\/v2\/pages"}],"about":[{"href":"https:\/\/franklinhill.swlauriersb.vortexdev.com\/fr\/wp-json\/wp\/v2\/types\/page"}],"author":[{"embeddable":true,"href":"https:\/\/franklinhill.swlauriersb.vortexdev.com\/fr\/wp-json\/wp\/v2\/users\/1"}],"replies":[{"embeddable":true,"href":"https:\/\/franklinhill.swlauriersb.vortexdev.com\/fr\/wp-json\/wp\/v2\/comments?post=174"}],"version-history":[{"count":2,"href":"https:\/\/franklinhill.swlauriersb.vortexdev.com\/fr\/wp-json\/wp\/v2\/pages\/174\/revisions"}],"predecessor-version":[{"id":309,"href":"https:\/\/franklinhill.swlauriersb.vortexdev.com\/fr\/wp-json\/wp\/v2\/pages\/174\/revisions\/309"}],"up":[{"embeddable":true,"href":"https:\/\/franklinhill.swlauriersb.vortexdev.com\/fr\/wp-json\/wp\/v2\/pages\/177"}],"wp:attachment":[{"href":"https:\/\/franklinhill.swlauriersb.vortexdev.com\/fr\/wp-json\/wp\/v2\/media?parent=174"}],"curies":[{"name":"wp","href":"https:\/\/api.w.org\/{rel}","templated":true}]}}