{"id":171,"date":"2024-05-08T14:27:05","date_gmt":"2024-05-08T18:27:05","guid":{"rendered":"https:\/\/franklinhill.swlauriersb.vortexdev.com\/parent-resources\/"},"modified":"2024-05-30T13:44:10","modified_gmt":"2024-05-30T17:44:10","slug":"ressources-pour-les-parents","status":"publish","type":"page","link":"https:\/\/franklinhill.swlauriersb.vortexdev.com\/fr\/informations-pour-les-parents\/ressources-pour-les-parents\/","title":{"rendered":"Ressources pour les parents"},"content":{"rendered":"\n<h2 class=\"wp-block-heading\">Math\u00e9matiques<\/h2>\n\n\n\n<p><a href=\"https:\/\/cemc2.math.uwaterloo.ca\/mathfrog\/\" target=\"_blank\" rel=\"noreferrer noopener\">Math Frog<\/a><\/p>\n\n\n\n<p><a href=\"https:\/\/www.factmonster.com\/math\/flashcards\" target=\"_blank\" rel=\"noreferrer noopener\">Math Flashcards<\/a><\/p>\n\n\n\n<p><a href=\"https:\/\/www.coolmath4kids.com\/\" target=\"_blank\" rel=\"noreferrer noopener\">Cool Math<\/a><\/p>\n\n\n\n<p><a href=\"https:\/\/nces.ed.gov\/nceskids\/graphing\/Classic\/\" target=\"_blank\" rel=\"noreferrer noopener\">Cr\u00e9er un graphique<\/a><\/p>\n\n\n\n<h2 class=\"wp-block-heading\">Fran\u00e7ais<\/h2>\n\n\n\n<p><a href=\"http:\/\/www.cap-eveil.fr\" target=\"_blank\" rel=\"noreferrer noopener\">http:\/\/www.cap-eveil.fr<\/a><\/p>\n\n\n\n<p><a href=\"http:\/\/www.iletaitunehistoire.com\" target=\"_blank\" rel=\"noreferrer noopener\">http:\/\/www.iletaitunehistoire.com<\/a><\/p>\n\n\n\n<p><a href=\"http:\/\/www.pommemarina.com\/jeux.php?niv=n3#\" target=\"_blank\" rel=\"noreferrer noopener\">http:\/\/www.pommemarina.com\/jeux.php?niv=n3#<\/a><\/p>\n\n\n\n<p><a href=\"http:\/\/www.lisavecmoi.com\" target=\"_blank\" rel=\"noreferrer noopener\">http:\/\/www.lisavecmoi.com<\/a><\/p>\n\n\n\n<p><a href=\"http:\/\/www.pupitre.org\/exercices_cycle2\/index_c2.html\" target=\"_blank\" rel=\"noreferrer noopener\">http:\/\/www.pupitre.org\/exercices_cycle2\/index_c2.html<\/a><\/p>\n\n\n\n<p><a href=\"http:\/\/primaire.recitus.qc.ca\" target=\"_blank\" rel=\"noreferrer noopener\">http:\/\/primaire.recitus.qc.ca<\/a><\/p>\n\n\n\n<p><a href=\"http:\/\/www.pepit.be\" target=\"_blank\" rel=\"noreferrer noopener\">http:\/\/www.pepit.be<\/a><\/p>\n\n\n\n<p><a href=\"http:\/\/104histoires.com\" target=\"_blank\" rel=\"noreferrer noopener\">http:\/\/104histoires.com<\/a><\/p>\n","protected":false},"excerpt":{"rendered":"<p>Math\u00e9matiques Math Frog Math Flashcards Cool Math Cr\u00e9er un graphique Fran\u00e7ais http:\/\/www.cap-eveil.fr http:\/\/www.iletaitunehistoire.com http:\/\/www.pommemarina.com\/jeux.php?niv=n3# http:\/\/www.lisavecmoi.com http:\/\/www.pupitre.org\/exercices_cycle2\/index_c2.html http:\/\/primaire.recitus.qc.ca http:\/\/www.pepit.be http:\/\/104histoires.com<\/p>\n","protected":false},"author":1,"featured_media":0,"parent":173,"menu_order":0,"comment_status":"closed","ping_status":"closed","template":"","meta":{"_acf_changed":false,"_relevanssi_hide_post":"","_relevanssi_hide_content":"","_relevanssi_pin_for_all":"","_relevanssi_pin_keywords":"","_relevanssi_unpin_keywords":"","_relevanssi_related_keywords":"","_relevanssi_related_include_ids":"","_relevanssi_related_exclude_ids":"","_relevanssi_related_no_append":"","_relevanssi_related_not_related":"","_relevanssi_related_posts":"","_relevanssi_noindex_reason":"","footnotes":""},"acf":[],"_links":{"self":[{"href":"https:\/\/franklinhill.swlauriersb.vortexdev.com\/fr\/wp-json\/wp\/v2\/pages\/171"}],"collection":[{"href":"https:\/\/franklinhill.swlauriersb.vortexdev.com\/fr\/wp-json\/wp\/v2\/pages"}],"about":[{"href":"https:\/\/franklinhill.swlauriersb.vortexdev.com\/fr\/wp-json\/wp\/v2\/types\/page"}],"author":[{"embeddable":true,"href":"https:\/\/franklinhill.swlauriersb.vortexdev.com\/fr\/wp-json\/wp\/v2\/users\/1"}],"replies":[{"embeddable":true,"href":"https:\/\/franklinhill.swlauriersb.vortexdev.com\/fr\/wp-json\/wp\/v2\/comments?post=171"}],"version-history":[{"count":2,"href":"https:\/\/franklinhill.swlauriersb.vortexdev.com\/fr\/wp-json\/wp\/v2\/pages\/171\/revisions"}],"predecessor-version":[{"id":314,"href":"https:\/\/franklinhill.swlauriersb.vortexdev.com\/fr\/wp-json\/wp\/v2\/pages\/171\/revisions\/314"}],"up":[{"embeddable":true,"href":"https:\/\/franklinhill.swlauriersb.vortexdev.com\/fr\/wp-json\/wp\/v2\/pages\/173"}],"wp:attachment":[{"href":"https:\/\/franklinhill.swlauriersb.vortexdev.com\/fr\/wp-json\/wp\/v2\/media?parent=171"}],"curies":[{"name":"wp","href":"https:\/\/api.w.org\/{rel}","templated":true}]}}