{"id":170,"date":"2024-05-08T14:27:26","date_gmt":"2024-05-08T18:27:26","guid":{"rendered":"https:\/\/franklinhill.swlauriersb.vortexdev.com\/ppo-home-school\/"},"modified":"2024-05-30T13:44:05","modified_gmt":"2024-05-30T17:44:05","slug":"opp","status":"publish","type":"page","link":"https:\/\/franklinhill.swlauriersb.vortexdev.com\/fr\/informations-pour-les-parents\/opp\/","title":{"rendered":"OPP"},"content":{"rendered":"\n<p>Sabrina Calabretta-Duval &#8211; Pr\u00e9sidente&nbsp; <a href=\"mailto:ppofhe@gmail.com\">ppofhe@gmail.com<\/a><\/p>\n\n\n\n<p>L\u2019Organisation de participations des parents (OPP) est devenue partie int\u00e9grante de la r\u00e9ussite de notre \u00e9cole. Nos repr\u00e9sentants du conseil d\u2019\u00e9tablissement sont un \u00e9quilibre entre les membres exp\u00e9riment\u00e9s et les nouveaux venus qui partagent l\u2019enthousiasme et l\u2019engagement envers l\u2019\u00e9cole. Notre OPP recherche et organise activement des \u00e9v\u00e9nements et des collectes de fonds.<\/p>\n","protected":false},"excerpt":{"rendered":"<p>Sabrina Calabretta-Duval &#8211; Pr\u00e9sidente&nbsp; ppofhe@gmail.com L\u2019Organisation de participations des parents (OPP) est devenue partie int\u00e9grante de la r\u00e9ussite de notre \u00e9cole. Nos repr\u00e9sentants du conseil d\u2019\u00e9tablissement sont un \u00e9quilibre entre les membres exp\u00e9riment\u00e9s et les nouveaux venus qui partagent l\u2019enthousiasme et l\u2019engagement envers l\u2019\u00e9cole. Notre OPP recherche et organise activement des \u00e9v\u00e9nements et des collectes&hellip;<\/p>\n","protected":false},"author":1,"featured_media":0,"parent":173,"menu_order":0,"comment_status":"closed","ping_status":"closed","template":"","meta":{"_acf_changed":false,"_relevanssi_hide_post":"","_relevanssi_hide_content":"","_relevanssi_pin_for_all":"","_relevanssi_pin_keywords":"","_relevanssi_unpin_keywords":"","_relevanssi_related_keywords":"","_relevanssi_related_include_ids":"","_relevanssi_related_exclude_ids":"","_relevanssi_related_no_append":"","_relevanssi_related_not_related":"","_relevanssi_related_posts":"","_relevanssi_noindex_reason":"","footnotes":""},"acf":[],"_links":{"self":[{"href":"https:\/\/franklinhill.swlauriersb.vortexdev.com\/fr\/wp-json\/wp\/v2\/pages\/170"}],"collection":[{"href":"https:\/\/franklinhill.swlauriersb.vortexdev.com\/fr\/wp-json\/wp\/v2\/pages"}],"about":[{"href":"https:\/\/franklinhill.swlauriersb.vortexdev.com\/fr\/wp-json\/wp\/v2\/types\/page"}],"author":[{"embeddable":true,"href":"https:\/\/franklinhill.swlauriersb.vortexdev.com\/fr\/wp-json\/wp\/v2\/users\/1"}],"replies":[{"embeddable":true,"href":"https:\/\/franklinhill.swlauriersb.vortexdev.com\/fr\/wp-json\/wp\/v2\/comments?post=170"}],"version-history":[{"count":2,"href":"https:\/\/franklinhill.swlauriersb.vortexdev.com\/fr\/wp-json\/wp\/v2\/pages\/170\/revisions"}],"predecessor-version":[{"id":315,"href":"https:\/\/franklinhill.swlauriersb.vortexdev.com\/fr\/wp-json\/wp\/v2\/pages\/170\/revisions\/315"}],"up":[{"embeddable":true,"href":"https:\/\/franklinhill.swlauriersb.vortexdev.com\/fr\/wp-json\/wp\/v2\/pages\/173"}],"wp:attachment":[{"href":"https:\/\/franklinhill.swlauriersb.vortexdev.com\/fr\/wp-json\/wp\/v2\/media?parent=170"}],"curies":[{"name":"wp","href":"https:\/\/api.w.org\/{rel}","templated":true}]}}