{"id":167,"date":"2024-05-08T14:28:33","date_gmt":"2024-05-08T18:28:33","guid":{"rendered":"https:\/\/franklinhill.swlauriersb.vortexdev.com\/gb\/"},"modified":"2024-05-30T13:43:41","modified_gmt":"2024-05-30T17:43:41","slug":"conseil-detablissement","status":"publish","type":"page","link":"https:\/\/franklinhill.swlauriersb.vortexdev.com\/fr\/informations-pour-les-parents\/conseil-detablissement\/","title":{"rendered":"Conseil d\u2019\u00e9tablissement"},"content":{"rendered":"\n<p>Notre Conseil d\u2019\u00e9tablissement exerce son r\u00f4le juridique en termes de projet \u00e9ducatif, de plans de r\u00e9ussite, d\u2019attribution de temps, d\u2019utilisation et de budget du b\u00e2timent, ainsi que d\u2019autres fonctions accord\u00e9es par la loi.<\/p>\n","protected":false},"excerpt":{"rendered":"<p>Notre Conseil d\u2019\u00e9tablissement exerce son r\u00f4le juridique en termes de projet \u00e9ducatif, de plans de r\u00e9ussite, d\u2019attribution de temps, d\u2019utilisation et de budget du b\u00e2timent, ainsi que d\u2019autres fonctions accord\u00e9es par la loi.<\/p>\n","protected":false},"author":1,"featured_media":0,"parent":173,"menu_order":0,"comment_status":"closed","ping_status":"closed","template":"","meta":{"_acf_changed":false,"_relevanssi_hide_post":"","_relevanssi_hide_content":"","_relevanssi_pin_for_all":"","_relevanssi_pin_keywords":"","_relevanssi_unpin_keywords":"","_relevanssi_related_keywords":"","_relevanssi_related_include_ids":"","_relevanssi_related_exclude_ids":"","_relevanssi_related_no_append":"","_relevanssi_related_not_related":"","_relevanssi_related_posts":"","_relevanssi_noindex_reason":"","footnotes":""},"acf":[],"_links":{"self":[{"href":"https:\/\/franklinhill.swlauriersb.vortexdev.com\/fr\/wp-json\/wp\/v2\/pages\/167"}],"collection":[{"href":"https:\/\/franklinhill.swlauriersb.vortexdev.com\/fr\/wp-json\/wp\/v2\/pages"}],"about":[{"href":"https:\/\/franklinhill.swlauriersb.vortexdev.com\/fr\/wp-json\/wp\/v2\/types\/page"}],"author":[{"embeddable":true,"href":"https:\/\/franklinhill.swlauriersb.vortexdev.com\/fr\/wp-json\/wp\/v2\/users\/1"}],"replies":[{"embeddable":true,"href":"https:\/\/franklinhill.swlauriersb.vortexdev.com\/fr\/wp-json\/wp\/v2\/comments?post=167"}],"version-history":[{"count":2,"href":"https:\/\/franklinhill.swlauriersb.vortexdev.com\/fr\/wp-json\/wp\/v2\/pages\/167\/revisions"}],"predecessor-version":[{"id":312,"href":"https:\/\/franklinhill.swlauriersb.vortexdev.com\/fr\/wp-json\/wp\/v2\/pages\/167\/revisions\/312"}],"up":[{"embeddable":true,"href":"https:\/\/franklinhill.swlauriersb.vortexdev.com\/fr\/wp-json\/wp\/v2\/pages\/173"}],"wp:attachment":[{"href":"https:\/\/franklinhill.swlauriersb.vortexdev.com\/fr\/wp-json\/wp\/v2\/media?parent=167"}],"curies":[{"name":"wp","href":"https:\/\/api.w.org\/{rel}","templated":true}]}}