{"id":166,"date":"2024-05-08T14:29:05","date_gmt":"2024-05-08T18:29:05","guid":{"rendered":"https:\/\/franklinhill.swlauriersb.vortexdev.com\/school-fees\/"},"modified":"2024-05-30T13:44:00","modified_gmt":"2024-05-30T17:44:00","slug":"frais-de-scolarite","status":"publish","type":"page","link":"https:\/\/franklinhill.swlauriersb.vortexdev.com\/fr\/informations-pour-les-parents\/frais-de-scolarite\/","title":{"rendered":"Frais de scolarit\u00e9"},"content":{"rendered":"\n<p>Les frais de scolarit\u00e9 sont accessibles via le portail parent Mozaik. Les \u00e9tats de compte sont mis \u00e0 jour mensuellement. Les paiements peuvent \u00eatre effectu\u00e9s par l\u2019interm\u00e9diaire de votre institution financi\u00e8re ou directement \u00e0 l\u2019\u00e9cole. Les m\u00e9thodes de paiement sont en esp\u00e8ces, cr\u00e9dit, d\u00e9bit ou ch\u00e8que.\u00a0<\/p>\n","protected":false},"excerpt":{"rendered":"<p>Les frais de scolarit\u00e9 sont accessibles via le portail parent Mozaik. Les \u00e9tats de compte sont mis \u00e0 jour mensuellement. Les paiements peuvent \u00eatre effectu\u00e9s par l\u2019interm\u00e9diaire de votre institution financi\u00e8re ou directement \u00e0 l\u2019\u00e9cole. Les m\u00e9thodes de paiement sont en esp\u00e8ces, cr\u00e9dit, d\u00e9bit ou ch\u00e8que.\u00a0<\/p>\n","protected":false},"author":1,"featured_media":0,"parent":173,"menu_order":0,"comment_status":"closed","ping_status":"closed","template":"","meta":{"_acf_changed":false,"_relevanssi_hide_post":"","_relevanssi_hide_content":"","_relevanssi_pin_for_all":"","_relevanssi_pin_keywords":"","_relevanssi_unpin_keywords":"","_relevanssi_related_keywords":"","_relevanssi_related_include_ids":"","_relevanssi_related_exclude_ids":"","_relevanssi_related_no_append":"","_relevanssi_related_not_related":"","_relevanssi_related_posts":"","_relevanssi_noindex_reason":"","footnotes":""},"acf":[],"_links":{"self":[{"href":"https:\/\/franklinhill.swlauriersb.vortexdev.com\/fr\/wp-json\/wp\/v2\/pages\/166"}],"collection":[{"href":"https:\/\/franklinhill.swlauriersb.vortexdev.com\/fr\/wp-json\/wp\/v2\/pages"}],"about":[{"href":"https:\/\/franklinhill.swlauriersb.vortexdev.com\/fr\/wp-json\/wp\/v2\/types\/page"}],"author":[{"embeddable":true,"href":"https:\/\/franklinhill.swlauriersb.vortexdev.com\/fr\/wp-json\/wp\/v2\/users\/1"}],"replies":[{"embeddable":true,"href":"https:\/\/franklinhill.swlauriersb.vortexdev.com\/fr\/wp-json\/wp\/v2\/comments?post=166"}],"version-history":[{"count":2,"href":"https:\/\/franklinhill.swlauriersb.vortexdev.com\/fr\/wp-json\/wp\/v2\/pages\/166\/revisions"}],"predecessor-version":[{"id":316,"href":"https:\/\/franklinhill.swlauriersb.vortexdev.com\/fr\/wp-json\/wp\/v2\/pages\/166\/revisions\/316"}],"up":[{"embeddable":true,"href":"https:\/\/franklinhill.swlauriersb.vortexdev.com\/fr\/wp-json\/wp\/v2\/pages\/173"}],"wp:attachment":[{"href":"https:\/\/franklinhill.swlauriersb.vortexdev.com\/fr\/wp-json\/wp\/v2\/media?parent=166"}],"curies":[{"name":"wp","href":"https:\/\/api.w.org\/{rel}","templated":true}]}}