{"id":163,"date":"2024-05-08T14:31:16","date_gmt":"2024-05-08T18:31:16","guid":{"rendered":"https:\/\/franklinhill.swlauriersb.vortexdev.com\/day-care-services\/"},"modified":"2024-05-30T13:45:45","modified_gmt":"2024-05-30T17:45:45","slug":"services-de-garde","status":"publish","type":"page","link":"https:\/\/franklinhill.swlauriersb.vortexdev.com\/fr\/services\/services-de-garde\/","title":{"rendered":"Services de garde"},"content":{"rendered":"\n<p>Notre service de garde accueille plusieurs de nos \u00e9l\u00e8ves.&nbsp;&nbsp; Il y a actuellement 46 \u00e9l\u00e8ves non r\u00e9guliers et 144 \u00e9l\u00e8ves qui le fr\u00e9quente r\u00e9guli\u00e8rement.&nbsp;&nbsp; Lae service de garde est \u00e9troitement align\u00e9e sur notre projet \u00e9ducatif. Il privil\u00e9gie \u00e9galement le jeu, la cuisine, les arts et la cr\u00e9ativit\u00e9.&nbsp;&nbsp;<\/p>\n\n\n\n<p>Pour de plus amples renseignements et pour vous inscrire, veuillez communiquer avec&nbsp;:<\/p>\n\n\n\n<p>Jos\u00e9e Pomminville, poste 7921<\/p>\n\n\n\n<div class=\"wp-block-buttons is-layout-flex wp-block-buttons-is-layout-flex\">\n<div class=\"wp-block-button is-style-text-link-pdf\"><a class=\"wp-block-button__link wp-element-button\" href=\"https:\/\/franklinhill.swlauriersb.vortexdev.com\/wp-content\/uploads\/sites\/36\/2024\/05\/FRANKLIN_HILL_DAYCARE_daycare_registration_2023-2024_ENG.pdf\" target=\"_blank\" rel=\"noreferrer noopener\">daycare_registration_2023-2024_ENG<i class=\"icon-pdf\"><\/i><\/a><\/div>\n<\/div>\n","protected":false},"excerpt":{"rendered":"<p>Notre service de garde accueille plusieurs de nos \u00e9l\u00e8ves.&nbsp;&nbsp; Il y a actuellement 46 \u00e9l\u00e8ves non r\u00e9guliers et 144 \u00e9l\u00e8ves qui le fr\u00e9quente r\u00e9guli\u00e8rement.&nbsp;&nbsp; Lae service de garde est \u00e9troitement align\u00e9e sur notre projet \u00e9ducatif. Il privil\u00e9gie \u00e9galement le jeu, la cuisine, les arts et la cr\u00e9ativit\u00e9.&nbsp;&nbsp; Pour de plus amples renseignements et pour vous&hellip;<\/p>\n","protected":false},"author":1,"featured_media":0,"parent":164,"menu_order":0,"comment_status":"closed","ping_status":"closed","template":"","meta":{"_acf_changed":false,"_relevanssi_hide_post":"","_relevanssi_hide_content":"","_relevanssi_pin_for_all":"","_relevanssi_pin_keywords":"","_relevanssi_unpin_keywords":"","_relevanssi_related_keywords":"","_relevanssi_related_include_ids":"","_relevanssi_related_exclude_ids":"","_relevanssi_related_no_append":"","_relevanssi_related_not_related":"","_relevanssi_related_posts":"","_relevanssi_noindex_reason":"","footnotes":""},"acf":[],"_links":{"self":[{"href":"https:\/\/franklinhill.swlauriersb.vortexdev.com\/fr\/wp-json\/wp\/v2\/pages\/163"}],"collection":[{"href":"https:\/\/franklinhill.swlauriersb.vortexdev.com\/fr\/wp-json\/wp\/v2\/pages"}],"about":[{"href":"https:\/\/franklinhill.swlauriersb.vortexdev.com\/fr\/wp-json\/wp\/v2\/types\/page"}],"author":[{"embeddable":true,"href":"https:\/\/franklinhill.swlauriersb.vortexdev.com\/fr\/wp-json\/wp\/v2\/users\/1"}],"replies":[{"embeddable":true,"href":"https:\/\/franklinhill.swlauriersb.vortexdev.com\/fr\/wp-json\/wp\/v2\/comments?post=163"}],"version-history":[{"count":2,"href":"https:\/\/franklinhill.swlauriersb.vortexdev.com\/fr\/wp-json\/wp\/v2\/pages\/163\/revisions"}],"predecessor-version":[{"id":323,"href":"https:\/\/franklinhill.swlauriersb.vortexdev.com\/fr\/wp-json\/wp\/v2\/pages\/163\/revisions\/323"}],"up":[{"embeddable":true,"href":"https:\/\/franklinhill.swlauriersb.vortexdev.com\/fr\/wp-json\/wp\/v2\/pages\/164"}],"wp:attachment":[{"href":"https:\/\/franklinhill.swlauriersb.vortexdev.com\/fr\/wp-json\/wp\/v2\/media?parent=163"}],"curies":[{"name":"wp","href":"https:\/\/api.w.org\/{rel}","templated":true}]}}