{"id":161,"date":"2024-05-08T14:32:11","date_gmt":"2024-05-08T18:32:11","guid":{"rendered":"https:\/\/franklinhill.swlauriersb.vortexdev.com\/transportation\/"},"modified":"2024-05-30T13:45:51","modified_gmt":"2024-05-30T17:45:51","slug":"transport-scolaire","status":"publish","type":"page","link":"https:\/\/franklinhill.swlauriersb.vortexdev.com\/fr\/services\/transport-scolaire\/","title":{"rendered":"Transport scolaire"},"content":{"rendered":"\n<p>Le service du transport scolaire de la Commission scolaire Sir Wilfrid Laurier est responsable de l\u2019organisation de l\u2019horaire des autobus pour Franklin Hill.<\/p>\n\n\n\n<p>\u00c0 la fin du mois d\u2019ao\u00fbt, les parents pourront acc\u00e9der aux renseignements sur le transport de leur enfant (24 heures sur 24, 7 jours sur 7) en cliquant sur le bouton \u00ab&nbsp;Retour \u00e0 l\u2019\u00e9cole&nbsp;\u00bb sur le site Web de la Commission scolaire Sir Wilfrid Laurier (www.swlauriersb.qc.ca).<\/p>\n\n\n\n<p>Le transport est offert aux \u00e9l\u00e8ves, dans leur zone scolaire, qui sont admissibles et qui ont besoin d\u2019un service de transport scolaire \u00e0 temps plein et r\u00e9guli\u00e8rement.<\/p>\n\n\n\n<p>Un \u00e9l\u00e8ve est admissible s\u2019il r\u00e9side \u00e0 plus de 800 m\u00e8tres de l\u2019\u00e9cole et s\u2019il est \u00e2g\u00e9 de 4 ans en maternelle. De la premi\u00e8re \u00e0 la sixi\u00e8me ann\u00e9e, ils doivent r\u00e9sider \u00e0 1,6 km de l\u2019\u00e9cole.<\/p>\n\n\n\n<p>Tous les parents pourront acc\u00e9der aux informations de transport de leur enfant en quelques clics. L\u2019information sera disponible sur le site Web du conseil scolaire \u00e0 www.swlauriersb.qc.ca par l\u2019ic\u00f4ne \u00ab&nbsp;Transport et retour \u00e0 l\u2019\u00e9cole&nbsp;\u00bb.<\/p>\n\n\n\n<p>Un parent (ou un adulte d\u00e9sign\u00e9) d\u2019\u00e9l\u00e8ves de maternelle et de maternelle \u00e2g\u00e9s de 4 ans doit accompagner son enfant \u00e0 destination et en provenance de l\u2019autobus. Les enfants de la pr\u00e9maternelle et de la maternelle \u00e2g\u00e9s de 4 ans seront retourn\u00e9s \u00e0 l\u2019\u00e9cole si un adulte reconnu n\u2019est pas l\u00e0 pour les r\u00e9cup\u00e9rer dans l\u2019apr\u00e8s-midi.<\/p>\n\n\n\n<p>On s\u2019attend \u00e0 ce que tous les \u00e9l\u00e8ves se comportent correctement dans l\u2019autobus et restent assis pendant que l\u2019autobus se d\u00e9place. Les \u00e9l\u00e8ves doivent parler \u00e0 un niveau appropri\u00e9 et \u00e9couter les instructions du conducteur.<\/p>\n\n\n\n<p>Si un \u00e9l\u00e8ve choisit de ne pas respecter les r\u00e8gles du chauffeur de bus, il sera suspendu du bus pour une dur\u00e9e d\u00e9termin\u00e9e. Les parents seront responsables de transporter l\u2019\u00e9l\u00e8ve \u00e0 l\u2019\u00e9cole et de revenir le chercher.<\/p>\n\n\n\n<p>Les cons\u00e9quences d\u2019un mauvais comportement dans l\u2019autobus sont donn\u00e9es par le conducteur de l\u2019autobus et administr\u00e9es par l\u2019\u00e9cole.&nbsp; Les cons\u00e9quences d\u2019un mauvais comportement \u00e0 bord de l\u2019autobus entra\u00eeneront des mesures disciplinaires dans l\u2019autobus, notamment&nbsp;: changement de si\u00e8ge, billets d\u2019avertissement et\/ou suspension des privil\u00e8ges de d\u00e9placement en autobus.<\/p>\n\n\n\n<p>N\u2019oubliez pas que prendre l\u2019autobus est un privil\u00e8ge, qui peut \u00eatre r\u00e9voqu\u00e9 pour les \u00e9l\u00e8ves afin d\u2019assurer la s\u00e9curit\u00e9 de tous les \u00e9l\u00e8ves.<\/p>\n\n\n\n<p>AUCUN CHANGEMENT DE BUS.&nbsp; Les parents doivent prendre des dispositions \u00e0 leur discr\u00e9tion une fois que l\u2019enfant arrive \u00e0 la maison.<\/p>\n\n\n\n<h2 class=\"wp-block-heading\">S\u00e9curit\u00e9 des bus<\/h2>\n\n\n\n<p>L\u2019administration de Franklin Hill soutient pleinement la s\u00e9curit\u00e9 et la s\u00fbret\u00e9 de tous les \u00e9l\u00e8ves qui utilisent ces autobus. Sur les conseils du chauffeur d\u2019autobus, l\u2019\u00e9cole n\u2019h\u00e9sitera pas \u00e0 faire le suivi des questions disciplinaires qui ont \u00e9t\u00e9 soulev\u00e9es. Les \u00e9l\u00e8ves sont avertis des cons\u00e9quences de d\u00e9ranger les autres, de l\u2019intimidation et de la violence.<\/p>\n\n\n\n<p>Notez que l\u2019\u00e9cole n\u2019a aucun contr\u00f4le sur les itin\u00e9raires ou les retards possibles. Les parents doivent communiquer directement avec le service des transports pour toute question ou pr\u00e9occupation concernant l\u2019autobus.<\/p>\n\n\n\n<p>Transport de la BSSF&nbsp;: 450-621-5600, poste 1398.<\/p>\n\n\n\n<p>Les compagnies d\u2019autobus utilis\u00e9es par Franklin Hill sont les suivantes&nbsp;:<\/p>\n\n\n\n<p><strong>Autobus J. Renaud Inc.<\/strong><br>(450) 258-2789 Autobus 38, 67, 68, 75, 80, 83, 89<br>(450) 323-6153 Autobus 914<\/p>\n\n\n\n<p><strong>Groupe S\u00e9guin Inc.<\/strong><br>(450) 622-7985 Autobus 9, 13, 27<\/p>\n","protected":false},"excerpt":{"rendered":"<p>Le service du transport scolaire de la Commission scolaire Sir Wilfrid Laurier est responsable de l\u2019organisation de l\u2019horaire des autobus pour Franklin Hill. \u00c0 la fin du mois d\u2019ao\u00fbt, les parents pourront acc\u00e9der aux renseignements sur le transport de leur enfant (24 heures sur 24, 7 jours sur 7) en cliquant sur le bouton \u00ab&nbsp;Retour&hellip;<\/p>\n","protected":false},"author":1,"featured_media":0,"parent":164,"menu_order":0,"comment_status":"closed","ping_status":"closed","template":"","meta":{"_acf_changed":false,"_relevanssi_hide_post":"","_relevanssi_hide_content":"","_relevanssi_pin_for_all":"","_relevanssi_pin_keywords":"","_relevanssi_unpin_keywords":"","_relevanssi_related_keywords":"","_relevanssi_related_include_ids":"","_relevanssi_related_exclude_ids":"","_relevanssi_related_no_append":"","_relevanssi_related_not_related":"","_relevanssi_related_posts":"","_relevanssi_noindex_reason":"","footnotes":""},"acf":[],"_links":{"self":[{"href":"https:\/\/franklinhill.swlauriersb.vortexdev.com\/fr\/wp-json\/wp\/v2\/pages\/161"}],"collection":[{"href":"https:\/\/franklinhill.swlauriersb.vortexdev.com\/fr\/wp-json\/wp\/v2\/pages"}],"about":[{"href":"https:\/\/franklinhill.swlauriersb.vortexdev.com\/fr\/wp-json\/wp\/v2\/types\/page"}],"author":[{"embeddable":true,"href":"https:\/\/franklinhill.swlauriersb.vortexdev.com\/fr\/wp-json\/wp\/v2\/users\/1"}],"replies":[{"embeddable":true,"href":"https:\/\/franklinhill.swlauriersb.vortexdev.com\/fr\/wp-json\/wp\/v2\/comments?post=161"}],"version-history":[{"count":2,"href":"https:\/\/franklinhill.swlauriersb.vortexdev.com\/fr\/wp-json\/wp\/v2\/pages\/161\/revisions"}],"predecessor-version":[{"id":326,"href":"https:\/\/franklinhill.swlauriersb.vortexdev.com\/fr\/wp-json\/wp\/v2\/pages\/161\/revisions\/326"}],"up":[{"embeddable":true,"href":"https:\/\/franklinhill.swlauriersb.vortexdev.com\/fr\/wp-json\/wp\/v2\/pages\/164"}],"wp:attachment":[{"href":"https:\/\/franklinhill.swlauriersb.vortexdev.com\/fr\/wp-json\/wp\/v2\/media?parent=161"}],"curies":[{"name":"wp","href":"https:\/\/api.w.org\/{rel}","templated":true}]}}