{"id":160,"date":"2024-05-08T14:32:44","date_gmt":"2024-05-08T18:32:44","guid":{"rendered":"https:\/\/franklinhill.swlauriersb.vortexdev.com\/library\/"},"modified":"2024-05-30T13:45:33","modified_gmt":"2024-05-30T17:45:33","slug":"bibliotheque","status":"publish","type":"page","link":"https:\/\/franklinhill.swlauriersb.vortexdev.com\/fr\/services\/bibliotheque\/","title":{"rendered":"Biblioth\u00e8que"},"content":{"rendered":"\n<p>Notre biblioth\u00e8que contribue \u00e0 cultiver l\u2019amour de l\u2019apprentissage qui d\u00e9finit notre parcours \u00e9ducatif.<\/p>\n\n\n\n<p>Dans cet espace dynamique, nous croyons que l\u2019apprentissage va au-del\u00e0 des manuels et des salles de classe. Il s\u2019agit de stimuler la curiosit\u00e9, l\u2019exploration et la joie de d\u00e9couvrir de nouveaux mondes dans les pages d\u2019un livre ou dans les domaines des ressources en ligne.<\/p>\n\n\n\n<p>Notre mission est d\u2019inspirer un amour permanent pour l\u2019apprentissage. Que ce soit \u00e0 travers une litt\u00e9rature qui enflamme l\u2019imagination, des ressources qui \u00e9largissent les horizons ou un coin tranquille qui invite \u00e0 la r\u00e9flexion, la biblioth\u00e8que est un refuge pour tous ceux qui cherchent \u00e0 approfondir les merveilles de la connaissance.<\/p>\n\n\n\n<p>Nous encourageons chaque membre de notre communaut\u00e9 scolaire \u00e0 adopter la biblioth\u00e8que comme un lieu non seulement de croissance acad\u00e9mique, mais aussi de d\u00e9couverte personnelle. C\u2019est un endroit o\u00f9 les id\u00e9es s\u2019\u00e9panouissent, la curiosit\u00e9 est nourrie et les passions sont allum\u00e9es.<\/p>\n\n\n\n<p><strong>Annabella Ribeiro<\/strong><br>Biblioth\u00e9caire<\/p>\n","protected":false},"excerpt":{"rendered":"<p>Notre biblioth\u00e8que contribue \u00e0 cultiver l\u2019amour de l\u2019apprentissage qui d\u00e9finit notre parcours \u00e9ducatif. Dans cet espace dynamique, nous croyons que l\u2019apprentissage va au-del\u00e0 des manuels et des salles de classe. Il s\u2019agit de stimuler la curiosit\u00e9, l\u2019exploration et la joie de d\u00e9couvrir de nouveaux mondes dans les pages d\u2019un livre ou dans les domaines des&hellip;<\/p>\n","protected":false},"author":1,"featured_media":0,"parent":164,"menu_order":0,"comment_status":"closed","ping_status":"closed","template":"","meta":{"_acf_changed":false,"_relevanssi_hide_post":"","_relevanssi_hide_content":"","_relevanssi_pin_for_all":"","_relevanssi_pin_keywords":"","_relevanssi_unpin_keywords":"","_relevanssi_related_keywords":"","_relevanssi_related_include_ids":"","_relevanssi_related_exclude_ids":"","_relevanssi_related_no_append":"","_relevanssi_related_not_related":"","_relevanssi_related_posts":"","_relevanssi_noindex_reason":"","footnotes":""},"acf":[],"_links":{"self":[{"href":"https:\/\/franklinhill.swlauriersb.vortexdev.com\/fr\/wp-json\/wp\/v2\/pages\/160"}],"collection":[{"href":"https:\/\/franklinhill.swlauriersb.vortexdev.com\/fr\/wp-json\/wp\/v2\/pages"}],"about":[{"href":"https:\/\/franklinhill.swlauriersb.vortexdev.com\/fr\/wp-json\/wp\/v2\/types\/page"}],"author":[{"embeddable":true,"href":"https:\/\/franklinhill.swlauriersb.vortexdev.com\/fr\/wp-json\/wp\/v2\/users\/1"}],"replies":[{"embeddable":true,"href":"https:\/\/franklinhill.swlauriersb.vortexdev.com\/fr\/wp-json\/wp\/v2\/comments?post=160"}],"version-history":[{"count":2,"href":"https:\/\/franklinhill.swlauriersb.vortexdev.com\/fr\/wp-json\/wp\/v2\/pages\/160\/revisions"}],"predecessor-version":[{"id":324,"href":"https:\/\/franklinhill.swlauriersb.vortexdev.com\/fr\/wp-json\/wp\/v2\/pages\/160\/revisions\/324"}],"up":[{"embeddable":true,"href":"https:\/\/franklinhill.swlauriersb.vortexdev.com\/fr\/wp-json\/wp\/v2\/pages\/164"}],"wp:attachment":[{"href":"https:\/\/franklinhill.swlauriersb.vortexdev.com\/fr\/wp-json\/wp\/v2\/media?parent=160"}],"curies":[{"name":"wp","href":"https:\/\/api.w.org\/{rel}","templated":true}]}}