{"id":159,"date":"2024-05-08T14:33:11","date_gmt":"2024-05-08T18:33:11","guid":{"rendered":"https:\/\/franklinhill.swlauriersb.vortexdev.com\/cafeteria\/"},"modified":"2024-05-27T16:00:47","modified_gmt":"2024-05-27T20:00:47","slug":"cafeteria","status":"publish","type":"page","link":"https:\/\/franklinhill.swlauriersb.vortexdev.com\/fr\/services\/cafeteria\/","title":{"rendered":"Caf\u00e9t\u00e9ria"},"content":{"rendered":"\n<p>Vous pouvez commander \u00e0 votre enfant un d\u00eener chaud directement aupr\u00e8s du traiteur, moyennant des frais, en suivant le lien ci-dessous. Votre enfant recevra le repas \u00e0 l&#8217;\u00e9cole.<\/p>\n\n\n\n<p><a href=\"https:\/\/www.ledoral.com\">https:\/\/www.ledoral.com<\/a><\/p>\n","protected":false},"excerpt":{"rendered":"<p>Vous pouvez commander \u00e0 votre enfant un d\u00eener chaud directement aupr\u00e8s du traiteur, moyennant des frais, en suivant le lien ci-dessous. Votre enfant recevra le repas \u00e0 l&#8217;\u00e9cole. https:\/\/www.ledoral.com<\/p>\n","protected":false},"author":1,"featured_media":0,"parent":164,"menu_order":0,"comment_status":"closed","ping_status":"closed","template":"","meta":{"_acf_changed":false,"_relevanssi_hide_post":"","_relevanssi_hide_content":"","_relevanssi_pin_for_all":"","_relevanssi_pin_keywords":"","_relevanssi_unpin_keywords":"","_relevanssi_related_keywords":"","_relevanssi_related_include_ids":"","_relevanssi_related_exclude_ids":"","_relevanssi_related_no_append":"","_relevanssi_related_not_related":"","_relevanssi_related_posts":"","_relevanssi_noindex_reason":"","footnotes":""},"acf":[],"_links":{"self":[{"href":"https:\/\/franklinhill.swlauriersb.vortexdev.com\/fr\/wp-json\/wp\/v2\/pages\/159"}],"collection":[{"href":"https:\/\/franklinhill.swlauriersb.vortexdev.com\/fr\/wp-json\/wp\/v2\/pages"}],"about":[{"href":"https:\/\/franklinhill.swlauriersb.vortexdev.com\/fr\/wp-json\/wp\/v2\/types\/page"}],"author":[{"embeddable":true,"href":"https:\/\/franklinhill.swlauriersb.vortexdev.com\/fr\/wp-json\/wp\/v2\/users\/1"}],"replies":[{"embeddable":true,"href":"https:\/\/franklinhill.swlauriersb.vortexdev.com\/fr\/wp-json\/wp\/v2\/comments?post=159"}],"version-history":[{"count":2,"href":"https:\/\/franklinhill.swlauriersb.vortexdev.com\/fr\/wp-json\/wp\/v2\/pages\/159\/revisions"}],"predecessor-version":[{"id":322,"href":"https:\/\/franklinhill.swlauriersb.vortexdev.com\/fr\/wp-json\/wp\/v2\/pages\/159\/revisions\/322"}],"up":[{"embeddable":true,"href":"https:\/\/franklinhill.swlauriersb.vortexdev.com\/fr\/wp-json\/wp\/v2\/pages\/164"}],"wp:attachment":[{"href":"https:\/\/franklinhill.swlauriersb.vortexdev.com\/fr\/wp-json\/wp\/v2\/media?parent=159"}],"curies":[{"name":"wp","href":"https:\/\/api.w.org\/{rel}","templated":true}]}}