{"id":148,"date":"2024-05-10T16:38:28","date_gmt":"2024-05-10T20:38:28","guid":{"rendered":"https:\/\/franklinhill.swlauriersb.vortexdev.com\/governance\/"},"modified":"2024-05-30T13:44:49","modified_gmt":"2024-05-30T17:44:49","slug":"philosophie-verte","status":"publish","type":"page","link":"https:\/\/franklinhill.swlauriersb.vortexdev.com\/fr\/philosophie-verte\/","title":{"rendered":"Philosophie verte"},"content":{"rendered":"\n<p>Depuis l\u2019automne 2018, la communaut\u00e9 de l\u2019\u00e9cole primaire Franklin Hill a pris des mesures pour se convertir \u00e0 une culture \u00ab&nbsp;plus verte&nbsp;\u00bb qui respecte l\u2019environnement et s\u2019efforce de r\u00e9duire son impact sur la plan\u00e8te.&nbsp;<\/p>\n\n\n\n<p>Les \u00e9l\u00e8ves, les enseignants, les parents et l\u2019ensemble de la communaut\u00e9 sont tous encourag\u00e9s \u00e0 jouer un r\u00f4le dans les choix qui favorisent cet effort. En int\u00e9grant activement des choix \u00ab&nbsp;plus \u00e9cologiques&nbsp;\u00bb dans la vie scolaire quotidienne, on mod\u00e9lise des pratiques respectueuses de l\u2019environnement et on inculque de bonnes habitudes. Cela ouvre la voie \u00e0 une utilisation responsable et \u00e0 la protection de la plan\u00e8te. En tant qu\u2019\u00e9cole, nous esp\u00e9rons fa\u00e7onner les intendants de l\u2019environnement de l\u2019avenir.&nbsp;<\/p>\n\n\n\n<p>Pratiques \u00e9cologiques de la FHES &#8211; Tri minutieux des d\u00e9chets \u00e0 l\u2019\u00e9cole et \u00e0 la caf\u00e9t\u00e9ria &#8211; D\u00e9fi annuel \u00ab&nbsp;Repas sans d\u00e9chets&nbsp;\u00bb &#8211; Collecte\/recyclage des instruments d\u2019\u00e9criture &#8211; Jardin de l\u2019\u00e9cole pour attirer les pollinisateurs &#8211; C\u00e9l\u00e9brations de l\u2019Heure de la Terre et du Jour de la Terre<\/p>\n\n\n\n<p>Le r\u00f4le de la famille est essentiel pour favoriser le respect de l\u2019environnement et guider les jeunes g\u00e9n\u00e9rations lorsqu\u2019elles apprennent comment leurs choix l\u2019affectent directement.<\/p>\n\n\n\n<p>Vous songez \u00e0 passer au vert? Voici quelques suggestions&nbsp;: -Trier les d\u00e9chets \u00e0 la maison, selon les directives de votre municipalit\u00e9 locale -Aider votre enfant \u00e0 pr\u00e9parer un d\u00e9jeuner sans d\u00e9chets, avec une bouteille d\u2019eau r\u00e9utilisable -Impliquer votre enfant dans des pratiques durables, telles que le compostage, le jardinage, etc. Ensemble, nous pouvons faire en sorte que nos enfants aient la sagesse de prot\u00e9ger l\u2019environnement pour de nombreuses g\u00e9n\u00e9rations \u00e0 venir<\/p>\n","protected":false},"excerpt":{"rendered":"<p>Depuis l\u2019automne 2018, la communaut\u00e9 de l\u2019\u00e9cole primaire Franklin Hill a pris des mesures pour se convertir \u00e0 une culture \u00ab&nbsp;plus verte&nbsp;\u00bb qui respecte l\u2019environnement et s\u2019efforce de r\u00e9duire son impact sur la plan\u00e8te.&nbsp; Les \u00e9l\u00e8ves, les enseignants, les parents et l\u2019ensemble de la communaut\u00e9 sont tous encourag\u00e9s \u00e0 jouer un r\u00f4le dans les choix&hellip;<\/p>\n","protected":false},"author":1,"featured_media":0,"parent":0,"menu_order":0,"comment_status":"closed","ping_status":"closed","template":"","meta":{"_acf_changed":false,"_relevanssi_hide_post":"","_relevanssi_hide_content":"","_relevanssi_pin_for_all":"","_relevanssi_pin_keywords":"","_relevanssi_unpin_keywords":"","_relevanssi_related_keywords":"","_relevanssi_related_include_ids":"","_relevanssi_related_exclude_ids":"","_relevanssi_related_no_append":"","_relevanssi_related_not_related":"","_relevanssi_related_posts":"","_relevanssi_noindex_reason":"","footnotes":""},"acf":[],"_links":{"self":[{"href":"https:\/\/franklinhill.swlauriersb.vortexdev.com\/fr\/wp-json\/wp\/v2\/pages\/148"}],"collection":[{"href":"https:\/\/franklinhill.swlauriersb.vortexdev.com\/fr\/wp-json\/wp\/v2\/pages"}],"about":[{"href":"https:\/\/franklinhill.swlauriersb.vortexdev.com\/fr\/wp-json\/wp\/v2\/types\/page"}],"author":[{"embeddable":true,"href":"https:\/\/franklinhill.swlauriersb.vortexdev.com\/fr\/wp-json\/wp\/v2\/users\/1"}],"replies":[{"embeddable":true,"href":"https:\/\/franklinhill.swlauriersb.vortexdev.com\/fr\/wp-json\/wp\/v2\/comments?post=148"}],"version-history":[{"count":2,"href":"https:\/\/franklinhill.swlauriersb.vortexdev.com\/fr\/wp-json\/wp\/v2\/pages\/148\/revisions"}],"predecessor-version":[{"id":304,"href":"https:\/\/franklinhill.swlauriersb.vortexdev.com\/fr\/wp-json\/wp\/v2\/pages\/148\/revisions\/304"}],"wp:attachment":[{"href":"https:\/\/franklinhill.swlauriersb.vortexdev.com\/fr\/wp-json\/wp\/v2\/media?parent=148"}],"curies":[{"name":"wp","href":"https:\/\/api.w.org\/{rel}","templated":true}]}}