{"id":147,"date":"2024-05-10T16:38:48","date_gmt":"2024-05-10T20:38:48","guid":{"rendered":"https:\/\/franklinhill.swlauriersb.vortexdev.com\/policies\/"},"modified":"2024-05-30T13:45:18","modified_gmt":"2024-05-30T17:45:18","slug":"politiques","status":"publish","type":"page","link":"https:\/\/franklinhill.swlauriersb.vortexdev.com\/fr\/politiques\/","title":{"rendered":"Politiques"},"content":{"rendered":"\n<h2 class=\"wp-block-heading\">Proc\u00e9dures d\u2019arriv\u00e9e<\/h2>\n\n\n\n<p>Les enseignants seront de service \u00e0 partir de 9h10. Il n\u2019y aura pas de supervision dans le terrain de jeu de l\u2019\u00e9cole avant 9 h 10 et les \u00e9l\u00e8ves ne doivent pas \u00eatre laiss\u00e9s sans surveillance.<\/p>\n\n\n\n<p>Les autobus arrivent \u00e0 9 h 10, heure \u00e0 laquelle les \u00e9l\u00e8ves entrent dans la cour d\u2019\u00e9cole avec les enseignants en service.<\/p>\n\n\n\n<p>Pendant les p\u00e9riodes de mauvais temps, les \u00e9l\u00e8ves marchent directement des autobus \u00e0 travers la cour d\u2019\u00e9cole jusqu\u2019aux portes arri\u00e8re de l\u2019\u00e9cole et vont directement \u00e0 leurs classes.<\/p>\n\n\n\n<h2 class=\"wp-block-heading\">Proc\u00e9dures de fin de journ\u00e9e<\/h2>\n\n\n\n<p>Le d\u00e9part des autobus et le ramassage des \u00e9l\u00e8ves est \u00e0 16h00.<\/p>\n\n\n\n<p>Au cours du mois de septembre, les enfants apprendront la proc\u00e9dure de fin de journ\u00e9e.<\/p>\n\n\n\n<p>Les \u00e9l\u00e8ves qui sont ramass\u00e9s de mani\u00e8re r\u00e9guli\u00e8re par leurs parents se rassembleront sur le c\u00f4t\u00e9 du b\u00e2timent, dans la cour d\u2019\u00e9cole, et ils ne seront autoris\u00e9s \u00e0 partir qu\u2019une fois que la cloche aura sonn\u00e9.<\/p>\n\n\n\n<p>Les \u00e9l\u00e8ves qui se rendent au service de garde se rassembleront dans leur salle respective d\u00e8s la fin des classes.<\/p>\n\n\n\n<p>Nous n\u2019enverrons pas les autobus tant que tous les \u00e9l\u00e8ves ne seront pas pr\u00e9sents.<\/p>\n\n\n\n<h2 class=\"wp-block-heading\">Arriv\u00e9es tardives<\/h2>\n\n\n\n<p>Le retard a un effet s\u00e9rieux sur les \u00e9l\u00e8ves car pendant les dix premi\u00e8res minutes de la matin\u00e9e, les \u00e9l\u00e8ves se pr\u00e9parent et suivent une routine quotidienne. Le fait d\u2019\u00eatre en retard fait souvent en sorte que les \u00e9l\u00e8ves ne se sentent pas pr\u00e9par\u00e9s pour le reste de la journ\u00e9e et d\u00e9range \u00e9galement les autres \u00e9l\u00e8ves. Tous les \u00e9l\u00e8ves en retard doivent se pr\u00e9senter directement au bureau pour obtenir une note de retard et pourront devoir compenser le temps de cours manqu\u00e9 en restant pendant la r\u00e9cr\u00e9ation du matin ou pendant le d\u00eener pour effectuer des t\u00e2ches ou des devoirs en classe.<\/p>\n\n\n\n<p>Les parents doivent accompagner leur(s) enfant(s) \u00e0 la r\u00e9ception, \u00e0 l\u2019int\u00e9rieur de l\u2019\u00e9cole, lorsque l\u2019enfant est en retard.<\/p>\n\n\n\n<h2 class=\"wp-block-heading\">D\u00e9parts anticip\u00e9s<\/h2>\n\n\n\n<p>Les parents doivent entrer dans l\u2019\u00e9cole pour r\u00e9cup\u00e9rer leur(s) enfant(s) pour un d\u00e9part anticip\u00e9, soit pour un rendez-vous ou maladie. Les parents sont responsables de l\u2019enregistrement et de la signature du livre de d\u00e9part anticip\u00e9 situ\u00e9 sur la table du bureau.<\/p>\n\n\n\n<p>Les parents peuvent r\u00e9cup\u00e9rer leurs enfants avant 12 h 40 ou apr\u00e8s 13 h 40. Il n\u2019y a pas de ramassage entre 12 h 40 et 13 h 40. Le bureau est ferm\u00e9.<\/p>\n\n\n\n<p>Si les parents doivent r\u00e9cup\u00e9rer leurs enfants avant la fin de la journ\u00e9e d\u2019\u00e9cole, ils doivent le faire avant 15 h 30. Sinon, les parents doivent attendre 16 h, dans l\u2019aire de ramassage d\u00e9sign\u00e9e \u00e0 l\u2019ext\u00e9rieur. Si votre enfant fr\u00e9quente le service de garde et que vous devez venir chercher votre enfant avant la fin de la journ\u00e9e d\u2019\u00e9cole, vous devez venir le chercher au bureau avant 15 h 30.<\/p>\n\n\n\n<p>Tout changement \u00e0 l\u2019horaire r\u00e9gulier de l\u2019enfant doit \u00eatre effectu\u00e9 avant 14 h afin de permettre la communication \u00e0 toutes les parties concern\u00e9es.&nbsp; Il est de la responsabilit\u00e9 du parent de transmettre tout changement en appelant le bureau et au service de garde, si l\u2019enfant fr\u00e9quente ce service.<\/p>\n\n\n\n<h2 class=\"wp-block-heading\">Stationnement<\/h2>\n\n\n\n<p>Le stationnement de l\u2019\u00e9cole est r\u00e9serv\u00e9 au personnel entre 6 h et 18 h.<\/p>\n\n\n\n<p>Veuillez-vous garer dans la rue et accompagner vos enfants jusqu\u2019\u00e0 la zone de d\u00e9p\u00f4t\/ramassage.<\/p>\n\n\n\n<p>Ne bloquez pas les entr\u00e9es du stationnement.<\/p>\n\n\n\n<h2 class=\"wp-block-heading\">Code vestimentaire<\/h2>\n\n\n\n<p>Les couleurs du code vestimentaire de Franklin Hill sont bleu marine et blanc. Les \u00e9l\u00e8ves doivent porter des chandails qui sont dans ces couleurs unies seulement. Les cardigans et chandails port\u00e9s \u00e0 l\u2019int\u00e9rieur doivent \u00e9galement \u00eatre UNIS blanc ou bleu marine. Les d\u00e9bardeurs ou les bretelles spaghetti ne sont pas autoris\u00e9s. Les shorts et les jupes doivent \u00eatre \u00e0 la longueur des genoux.\u00a0 Les jeans ne sont jamais autoris\u00e9s \u00e0 l\u2019\u00e9cole.<\/p>\n\n\n\n<p>On s\u2019attend \u00e0 ce que les \u00e9l\u00e8ves portent des chaussures non marquantes \u00e0 semelle dure \u00e0 l\u2019\u00e9cole.&nbsp; Pas de chaussures ouvertes ou sandales, et pas de tongs ne sont accept\u00e9s.&nbsp;<\/p>\n\n\n\n<p>Nota&nbsp;: Chaussures \u2013 Les \u00e9l\u00e8ves ne sont jamais autoris\u00e9s \u00e0 circuler dans l\u2019\u00e9cole sans chaussures.&nbsp; Par cons\u00e9quent, il est bon que les \u00e9l\u00e8ves aient deux paires de chaussures en tout temps \u00e0 l\u2019\u00e9cole (chaussures de marche et chaussures de course).&nbsp; C\u2019est une question de s\u00e9curit\u00e9.<\/p>\n\n\n\n<p>Chaussures \u2013 Chaussures confortables (pas de talons hauts, pas de tongs, et les sandales doivent avoir une sangle de talon, ferm\u00e9 aux orteils de pr\u00e9f\u00e9rence). Les \u00e9l\u00e8ves ne sont jamais autoris\u00e9s \u00e0 circuler dans l\u2019\u00e9cole sans chaussures. Par cons\u00e9quent, il est bon que les \u00e9l\u00e8ves aient deux paires de chaussures en tout temps \u00e0 l\u2019\u00e9cole (chaussures d\u2019int\u00e9rieur et chaussures d\u2019ext\u00e9rieur). C\u2019est une question de s\u00e9curit\u00e9 et de propret\u00e9.<\/p>\n\n\n\n<p>Remarque&nbsp;: Les jeans, les casquettes port\u00e9es \u00e0 l\u2019int\u00e9rieur, les hauts \u00e0 coupe basse, les bretelles spaghetti et\/ou les hauts \u00e0 dos nu, les shorts courts ou les jupes courtes (c.-\u00e0-d. plus de 3 pouces au-dessus du genou), les v\u00eatements de marque visibles, les v\u00eatements avec des logos, des \u00e9crits ou des dessins ne sont pas autoris\u00e9s. Pantalons et vestes de sport \u00e0 l\u2019int\u00e9rieur.<\/p>\n\n\n\n<h2 class=\"wp-block-heading\">V\u00eatements perdus<\/h2>\n\n\n\n<p>Les v\u00eatements perdus sont dans le grand conteneur en plastique dans le hall d\u2019entr\u00e9e. Demandez aussi \u00e0 vos enfants de ramener des v\u00eatements de leurs casiers.<\/p>\n\n\n\n<p>S\u2019il-vous-pla\u00eet indiquer le nom de votre enfant dans\/ sur ses v\u00eatements, et v\u00e9rifier p\u00e9riodiquement le conteneur d\u2019objets perdus.<\/p>\n\n\n\n<p>Tous les trois mois, des v\u00eatements non r\u00e9clam\u00e9s seront donn\u00e9s \u00e0 des \u0153uvres de bienfaisance.<\/p>\n\n\n\n<h2 class=\"wp-block-heading\">Maladie de l\u2019\u00e9l\u00e8ve\u00a0\u00a0\u00a0\u00a0\u00a0\u00a0\u00a0\u00a0\u00a0\u00a0\u00a0\u00a0\u00a0\u00a0\u00a0\u00a0\u00a0\u00a0\u00a0\u00a0\u00a0\u00a0\u00a0\u00a0\u00a0\u00a0\u00a0\u00a0\u00a0\u00a0\u00a0\u00a0\u00a0\u00a0\u00a0\u00a0\u00a0\u00a0\u00a0\u00a0\u00a0\u00a0\u00a0\u00a0\u00a0\u00a0\u00a0\u00a0\u00a0\u00a0\u00a0<\/h2>\n\n\n\n<p>Chaque fois qu\u2019un enfant est malade ou bless\u00e9, il sera amen\u00e9 au bureau et les parents seront appel\u00e9s.<\/p>\n\n\n\n<p>Par cons\u00e9quent, assurez-vous que les num\u00e9ros de t\u00e9l\u00e9phone et des num\u00e9ros d\u2019urgence sont \u00e0 jour au dossier.<\/p>\n\n\n\n<h2 class=\"wp-block-heading\">M\u00e9dicament<\/h2>\n\n\n\n<p>Ne pas envoyer de m\u00e9dicaments avec l\u2019enfant (aspirine, sirop contre la toux ou antibiotiques \u00e0 moins d\u2019\u00eatre accompagn\u00e9 d\u2019une note du m\u00e9decin expliquant la proc\u00e9dure d\u2019administration) L\u2019\u00e9cole n\u2019est pas l\u00e9galement autoris\u00e9e \u00e0 distribuer des m\u00e9dicaments sans ordonnance. Les ordonnances doivent avoir une \u00e9tiquette imprim\u00e9e par un pharmacien et \u00eatre dans un contenant. Les m\u00e9dicaments sont administr\u00e9s uniquement au bureau.<\/p>\n\n\n\n<p>Les \u00e9tudiants qui sont absents pour des p\u00e9riodes prolong\u00e9es (3 jours ou plus) en raison d\u2019une maladie doivent fournir une note m\u00e9dicale pour justifier leur absence.<\/p>\n\n\n\n<p>Les \u00e9l\u00e8ves ne peuvent retourner \u00e0 l\u2019\u00e9cole apr\u00e8s avoir \u00e9t\u00e9 malades que s\u2019ils sont capables de suivre la routine quotidienne, c.-\u00e0-d. de sortir \u00e0 l\u2019ext\u00e9rieur \u00e0 la r\u00e9cr\u00e9ation et \u00e0 l\u2019heure du d\u00eener ou par temps froid.<\/p>\n\n\n\n<h2 class=\"wp-block-heading\">Absence d\u2019\u00e9l\u00e8ves &#8211; Vacances<\/h2>\n\n\n\n<p>Vacances en famille pendant l\u2019ann\u00e9e scolaire<\/p>\n\n\n\n<p>Nous vous encourageons fortement \u00e0 planifier ces vacances en fonction du calendrier scolaire.<\/p>\n\n\n\n<h2 class=\"wp-block-heading\">RAPPEL<\/h2>\n\n\n\n<ul>\n<li>Il incombe aux parents de s\u2019assurer que leur enfant suit ses cours.<\/li>\n\n\n\n<li>L\u2019\u00e9cole n\u2019est pas responsable de fournir des travaux scolaires \u00e0 terminer pendant son absence lors de vacances prolong\u00e9es ou prises pendant l\u2019ann\u00e9e scolaire.<\/li>\n\n\n\n<li>L\u2019\u00e9cole n\u2019est pas oblig\u00e9e de redistribuer les devoirs ou de refaire des examens.<\/li>\n<\/ul>\n\n\n\n<h2 class=\"wp-block-heading\">\u00c9cole sans arachides<\/h2>\n\n\n\n<p>Franklin Hill est une \u00e9cole sans arachides. Ne pas envoyer de nourriture qui contient des arachides, ou a \u00e9t\u00e9 fait avec des arachides. Cela comprend notamment le beurre d\u2019arachide et tout autre aliment ou collation contenant des particules d\u2019arachides.<\/p>\n\n\n\n<h2 class=\"wp-block-heading\">Heure du d\u00eener<\/h2>\n\n\n\n<p>L\u2019heure du d\u00eener est de 12h40 \u00e0 13h40.<\/p>\n\n\n\n<p>Les services de caf\u00e9t\u00e9ria sont assur\u00e9s par notre traiteur scolaire. Des menus seront fournis \u00e0 l\u2019avance afin que les parents puissent commander des repas chauds. Le service est facultatif.<\/p>\n\n\n\n<p>Veuillez noter que tout probl\u00e8me concernant le service de traiteur, le choix des repas, l\u2019absence des \u00e9l\u00e8ves, les sorties scolaires doit \u00eatre adress\u00e9 directement au traiteur, Le Doral, au 514-630-6113; Le courriel est info@ledoral.com.<\/p>\n\n\n\n<p>Les \u00e9l\u00e8ves qui viennent \u00e0 l\u2019\u00e9cole sans d\u00eener ne recevront pas de repas complet avec traiteur. Les parents seront appel\u00e9s pour apporter un d\u00eener.<\/p>\n\n\n\n<p>On demande aux \u00e9l\u00e8ves qui apportent leur propre repas de les apporter dans des contenants appropri\u00e9s \u2013 bien isol\u00e9s et bien marqu\u00e9s avec leur nom, et des ustensiles appropri\u00e9s.<\/p>\n\n\n\n<p>Remarque&nbsp;: Les fours \u00e0 micro-ondes ne sont pas disponibles.<\/p>\n\n\n\n<p>La supervision du d\u00eener est assur\u00e9e par les superviseurs du d\u00eener embauch\u00e9s par l\u2019\u00e9cole. Ces employ\u00e9s ont \u00e0 c\u0153ur la s\u00e9curit\u00e9 de tous les \u00e9l\u00e8ves. En retour, ils m\u00e9ritent le respect et l\u2019ob\u00e9issance inconditionnels de tous les enfants. Les \u00e9l\u00e8ves qui manquent de respect aux r\u00e8gles ou au superviseur risquent une suspension scolaire (voir le code de conduite).<\/p>\n\n\n\n<p>Cela s\u2019applique \u00e9galement au terrain de jeu et \u00e0 la salle \u00e0 manger.<\/p>\n\n\n\n<ul>\n<li>Faire du d\u00eener une exp\u00e9rience agr\u00e9able<\/li>\n\n\n\n<li>Restez \u00e0 votre si\u00e8ge assign\u00e9<\/li>\n\n\n\n<li>Baissez le ton<\/li>\n\n\n\n<li>Nettoyer apr\u00e8s vous; utiliser les poubelles<\/li>\n\n\n\n<li>Se taire \u00e0 la fin du d\u00eener<\/li>\n<\/ul>\n\n\n\n<h2 class=\"wp-block-heading\">Casiers<\/h2>\n\n\n\n<p>Deux enfants sont affect\u00e9s \u00e0 chaque casier. Les \u00e9l\u00e8ves ne sont pas autoris\u00e9s \u00e0 mettre des verrous sur leurs casiers. Les \u00e9l\u00e8ves doivent garder leurs casiers propres et bien rang\u00e9s (enlever la nourriture et les v\u00eatements quotidiennement).<\/p>\n\n\n\n<h2 class=\"wp-block-heading\">Articles interdits<\/h2>\n\n\n\n<p>Les articles suivants ne sont pas permis \u00e0 l\u2019\u00e9cole&nbsp;:<\/p>\n\n\n\n<ul>\n<li>Appareils d\u2019\u00e9coute<\/li>\n\n\n\n<li>T\u00e9l\u00e9phones portables, appareils photo<\/li>\n\n\n\n<li>Des jeux comme DS, PSP, etc.<\/li>\n\n\n\n<li>Objets dangereux (couteaux, cha\u00eenes, bracelets clout\u00e9s, etc.)<\/li>\n\n\n\n<li>Des jouets comme des cartes \u00e0 \u00e9changer et des objets de collection<\/li>\n\n\n\n<li>Gomme \u00e0 m\u00e2cher<\/li>\n\n\n\n<li>Autres objets de valeur<\/li>\n<\/ul>\n\n\n\n<p>Dans des cas particuliers, comme convenu avec le directeur et la compagnie d\u2019autobus, certains enfants peuvent apporter des appareils technologiques dans l\u2019autobus. Les articles ne doivent \u00eatre utilis\u00e9s que dans l\u2019autobus et ne doivent jamais \u00eatre vus \u00e0 l\u2019\u00e9cole. L\u2019\u00e9cole n\u2019est pas responsable de la perte de ces articles.<\/p>\n\n\n\n<h2 class=\"wp-block-heading\">Syst\u00e8me d\u2019\u00e9mulation\u00a0: Franklin Hill House<\/h2>\n\n\n\n<p>Les maisons ont \u00e9t\u00e9 cr\u00e9\u00e9es \u00e0 partir du concept Harry Potter. Les \u00e9l\u00e8ves ont vot\u00e9 sur diff\u00e9rents types d\u2019embl\u00e8mes il y a 4 ans. Tous les \u00e9l\u00e8ves de Franklin Hill sont divis\u00e9s en quatre maisons&nbsp;: Beaver, Eagle, Crab et Butterfly. Tous les \u00e9l\u00e8ves sont affect\u00e9s \u00e0 une maison d\u00e8s la maternelle et restent membres de la m\u00eame maison pour leur vie scolaire \u00e0 Franklin Hill. Les fr\u00e8res et s\u0153urs sont plac\u00e9s dans la m\u00eame maison pour cr\u00e9er la tradition et la continuit\u00e9.<\/p>\n\n\n\n<h2 class=\"wp-block-heading\">\u00c9L\u00c8VE DE L\u2019\u00c9TAPE<\/h2>\n\n\n\n<p>\u00c0 la fin de chaque \u00e9tape, les enseignants choisiront un \u00e9l\u00e8ve par classe pour le PRIX L\u2019\u00c9L\u00c8VE DE L\u2019\u00c9TAPE, en suivant le tableau ci-dessous.<\/p>\n\n\n\n<p>Les \u00e9l\u00e8ves re\u00e7oivent un certificat et une invitation \u00e0 un d\u00e9jeuner pizza avec le directeur.<\/p>\n\n\n\n<h3 class=\"wp-block-heading\">Maternelle<\/h3>\n\n\n\n<ul>\n<li>Terme 1&nbsp;: Habilet\u00e9s motrices et \u00e9ducation physique&nbsp;<\/li>\n\n\n\n<li>Terme 2&nbsp;: Art<\/li>\n\n\n\n<li>Terme 3&nbsp;: Communication en anglais&nbsp;<\/li>\n<\/ul>\n\n\n\n<h3 class=\"wp-block-heading\">1<sup>er<\/sup> Cycle<\/h3>\n\n\n\n<ul>\n<li>Terme 1&nbsp;: Math\u00e9matiques et \u00e9ducation physique<\/li>\n\n\n\n<li>Terme 2&nbsp;: Arts du langage<\/li>\n\n\n\n<li>Terme 3\u00a0: Fran\u00e7ais<\/li>\n<\/ul>\n\n\n\n<h3 class=\"wp-block-heading\">2<sup>e<\/sup> et 3<sup>e<\/sup> Cycle<\/h3>\n\n\n\n<ul>\n<li>Terme 1: Math\u00e9matiques et \u00e9ducation physique<\/li>\n\n\n\n<li>Terme 2: Arts du langage et arts<\/li>\n\n\n\n<li>Terme 3:Fran\u00e7ais et Sciences<\/li>\n<\/ul>\n\n\n\n<p>Fin de l\u2019ann\u00e9e 1 par classe 1 par classe 1 par classe 1 par classe Athl\u00e8te de l\u2019ann\u00e9e 2 par cycle 2 par cycle 2 par cycle<\/p>\n\n\n\n<h2 class=\"wp-block-heading\">\u00c9L\u00c8VE DE L\u2019ANN\u00c9E<\/h2>\n\n\n\n<p>\u00c0 la fin de l\u2019ann\u00e9e, les enseignants choisiront un \u00e9l\u00e8ve exceptionnel de leur classe pour recevoir le prix de fin d\u2019ann\u00e9e. Les crit\u00e8res pour ce prix sont \u00e0 la discr\u00e9tion de l\u2019enseignant; que ce soit l\u2019accomplissement, l\u2019effort, etc. Les \u00e9l\u00e8ves re\u00e7oivent un panier cadeau lors d\u2019une assembl\u00e9e g\u00e9n\u00e9rale.<\/p>\n\n\n\n<h2 class=\"wp-block-heading\">Plan anti- intimidation, anti- violence<\/h2>\n\n\n\n<p>Notre plan de lutte contre l\u2019intimidation et la violence (ABAV) d\u00e9crit l\u2019approche de Franklin Hill pour contrer l\u2019intimidation et la violence.<\/p>\n\n\n\n<div class=\"wp-block-buttons is-layout-flex wp-block-buttons-is-layout-flex\">\n<div class=\"wp-block-button is-style-text-link-pdf\"><a class=\"wp-block-button__link wp-element-button\" href=\"https:\/\/franklinhill.swlauriersb.vortexdev.com\/wp-content\/uploads\/sites\/36\/2024\/05\/FHES_policies_ABAV2023-2024_FR.pdf\" target=\"_blank\" rel=\"noreferrer noopener\">ABAV2023-2024_FR<i class=\"icon-pdf\"><\/i><\/a><\/div>\n<\/div>\n\n\n\n<h2 class=\"wp-block-heading\">Matrice de comportement<\/h2>\n\n\n\n<p>La matrice de comportement scolaire est un cadre qui d\u00e9finit les attentes concernant les \u00e9l\u00e8ves dans divers contextes (autobus, couloir, salle de classe, toilettes, caf\u00e9t\u00e9ria, etc.).\u00a0 Nous enseignons aux \u00e9l\u00e8ves les attentes et non les r\u00e8gles.\u00a0 Cela donnera aux \u00e9l\u00e8ves une touche positive au comportement.<\/p>\n","protected":false},"excerpt":{"rendered":"<p>Proc\u00e9dures d\u2019arriv\u00e9e Les enseignants seront de service \u00e0 partir de 9h10. Il n\u2019y aura pas de supervision dans le terrain de jeu de l\u2019\u00e9cole avant 9 h 10 et les \u00e9l\u00e8ves ne doivent pas \u00eatre laiss\u00e9s sans surveillance. Les autobus arrivent \u00e0 9 h 10, heure \u00e0 laquelle les \u00e9l\u00e8ves entrent dans la cour d\u2019\u00e9cole&hellip;<\/p>\n","protected":false},"author":1,"featured_media":0,"parent":0,"menu_order":0,"comment_status":"closed","ping_status":"closed","template":"","meta":{"_acf_changed":false,"_relevanssi_hide_post":"","_relevanssi_hide_content":"","_relevanssi_pin_for_all":"","_relevanssi_pin_keywords":"","_relevanssi_unpin_keywords":"","_relevanssi_related_keywords":"","_relevanssi_related_include_ids":"","_relevanssi_related_exclude_ids":"","_relevanssi_related_no_append":"","_relevanssi_related_not_related":"","_relevanssi_related_posts":"","_relevanssi_noindex_reason":"","footnotes":""},"acf":[],"_links":{"self":[{"href":"https:\/\/franklinhill.swlauriersb.vortexdev.com\/fr\/wp-json\/wp\/v2\/pages\/147"}],"collection":[{"href":"https:\/\/franklinhill.swlauriersb.vortexdev.com\/fr\/wp-json\/wp\/v2\/pages"}],"about":[{"href":"https:\/\/franklinhill.swlauriersb.vortexdev.com\/fr\/wp-json\/wp\/v2\/types\/page"}],"author":[{"embeddable":true,"href":"https:\/\/franklinhill.swlauriersb.vortexdev.com\/fr\/wp-json\/wp\/v2\/users\/1"}],"replies":[{"embeddable":true,"href":"https:\/\/franklinhill.swlauriersb.vortexdev.com\/fr\/wp-json\/wp\/v2\/comments?post=147"}],"version-history":[{"count":3,"href":"https:\/\/franklinhill.swlauriersb.vortexdev.com\/fr\/wp-json\/wp\/v2\/pages\/147\/revisions"}],"predecessor-version":[{"id":320,"href":"https:\/\/franklinhill.swlauriersb.vortexdev.com\/fr\/wp-json\/wp\/v2\/pages\/147\/revisions\/320"}],"wp:attachment":[{"href":"https:\/\/franklinhill.swlauriersb.vortexdev.com\/fr\/wp-json\/wp\/v2\/media?parent=147"}],"curies":[{"name":"wp","href":"https:\/\/api.w.org\/{rel}","templated":true}]}}